{"id":63,"date":"2022-07-15T11:48:11","date_gmt":"2022-07-15T17:48:11","guid":{"rendered":"http:\/\/fundacionhorizontes.com\/?page_id=63"},"modified":"2022-11-25T16:01:44","modified_gmt":"2022-11-25T22:01:44","slug":"mejora-de-vivienda","status":"publish","type":"page","link":"https:\/\/fundacionhorizontes.com\/index.php\/mejora-de-vivienda\/","title":{"rendered":"Mejora De Vivienda"},"content":{"rendered":"\n<div class=\"is-layout-flow wp-block-group alignfull\"><div class=\"wp-block-group__inner-container\">\n<div class=\"is-layout-flex wp-container-2 wp-block-columns alignfull\">\n<div class=\"is-layout-flow wp-block-column fondogeneral2\" style=\"flex-basis:100%\">\n<div style=\"height:10px\" aria-hidden=\"true\" class=\"wp-block-spacer\"><\/div>\n\n\n\n<h1 class=\"has-text-align-center has-black-color has-text-color\">Cr\u00e9dito Mejora de Vivienda<\/h1>\n<\/div>\n<\/div>\n<\/div><\/div>\n\n\n\n<div class=\"is-layout-flow wp-block-group\"><div class=\"wp-block-group__inner-container\">\n<div class=\"is-layout-flex wp-container-7 wp-block-columns\">\n<div class=\"is-layout-flow wp-elements-4ab0f3af0d507f5f746e07a621e21622 wp-block-column bordegeneral has-white-background-color has-text-color has-background has-link-color\" style=\"color:#000000;padding-top:2em;padding-right:2em;padding-bottom:2em;padding-left:2em\">\n<h2 class=\"has-text-align-center has-black-color has-text-color\" id=\"patron\" style=\"font-size:30px\">Descripci\u00f3n <br>General<\/h2>\n\n\n\n<hr class=\"wp-block-separator has-text-color has-pale-cyan-blue-color has-alpha-channel-opacity has-pale-cyan-blue-background-color has-background is-style-wide\"\/>\n\n\n\n<ul>\n<li>Orientado para todos los clientes existentes y nuevos de todos los sectores econ\u00f3micos; se busca cubrir las necesidades de compra de terrenos en la zona rural y urbana, mejoras de vivienda, mejoras de propiedades para fines de vivienda y comerciales.<\/li>\n<\/ul>\n<\/div>\n\n\n\n<div class=\"is-layout-flow wp-elements-f06b481ada86cb11ea391c6782b63060 wp-block-column bordegeneral2 has-white-background-color has-text-color has-background has-link-color\" style=\"color:#000000;padding-top:2em;padding-right:2em;padding-bottom:2em;padding-left:2em\">\n<h2 class=\"has-text-align-center has-black-color has-text-color\" style=\"font-size:30px\">Plazos y tasa de inter\u00e9s<\/h2>\n\n\n\n<hr class=\"wp-block-separator has-text-color has-luminous-vivid-amber-color has-alpha-channel-opacity has-luminous-vivid-amber-background-color has-background is-style-wide\"\/>\n\n\n\n<ul>\n<li>Intereses a la comodidad de su bolsillo. Nos adaptamos a su presupuesto, con tasas accesibles, y plazos que se ajusten a sus necesidades.<\/li>\n<\/ul>\n<\/div>\n\n\n\n<div class=\"is-layout-flow wp-elements-475526984e12c85129bfbe7816b460fa wp-block-column bordegeneral has-white-background-color has-text-color has-background has-link-color\" style=\"color:#000000;padding-top:2em;padding-right:2em;padding-bottom:2em;padding-left:2em\">\n<h2 class=\"has-text-align-center has-black-color has-text-color\" id=\"single\" style=\"font-size:30px\">Requisitos Generales<\/h2>\n\n\n\n<hr class=\"wp-block-separator has-text-color has-pale-cyan-blue-color has-alpha-channel-opacity has-pale-cyan-blue-background-color has-background is-style-wide\"\/>\n\n\n\n<ul>\n<li>Ser mayor de 21 a\u00f1os.<\/li>\n\n\n\n<li>Poseer DNI.<\/li>\n\n\n\n<li>Recibos de servicios p\u00fablicos.<\/li>\n\n\n\n<li>Tener una fuente de ingresos.<\/li>\n<\/ul>\n<\/div>\n<\/div>\n<\/div><\/div>\n\n\n\n<div class=\"is-layout-flow wp-block-group\"><div class=\"wp-block-group__inner-container\">\n<div style=\"height:20px\" aria-hidden=\"true\" class=\"wp-block-spacer\"><\/div>\n<\/div><\/div>\n\n\n\n<div class=\"wp-block-media-text alignwide has-media-on-the-right is-stacked-on-mobile is-vertically-aligned-center has-background\" style=\"background-color:#d2bead\"><div class=\"wp-block-media-text__content\">\n<div class=\"is-layout-flow wp-block-group\" style=\"padding-top:2em;padding-right:2em;padding-bottom:2em;padding-left:2em\"><div class=\"wp-block-group__inner-container\">\n<p class=\"has-black-color has-text-color\" style=\"font-size:36px;line-height:1.2\"><strong><strong><strong>Le brindamos cr\u00e9dito para compra, construcci\u00f3n o mejora de vivienda, obt\u00e9n lo que necesites para cumplir con tu proyecto, con plazos y tasas accesibles.<\/strong><\/strong><\/strong><\/p>\n\n\n\n<p class=\"has-extra-small-font-size\">\u2013 Cr\u00e9dito Mejora de Vivienda<\/p>\n<\/div><\/div>\n<\/div><figure class=\"wp-block-media-text__media\"><img decoding=\"async\" loading=\"lazy\" width=\"1024\" height=\"768\" src=\"https:\/\/fundacionhorizontes.com\/wp-content\/uploads\/2022\/11\/brett-jordan-jEP4vsHrSM8-unsplash-1024x768.jpg\" alt=\"\" class=\"wp-image-2855 size-full\" srcset=\"https:\/\/fundacionhorizontes.com\/wp-content\/uploads\/2022\/11\/brett-jordan-jEP4vsHrSM8-unsplash-1024x768.jpg 1024w, https:\/\/fundacionhorizontes.com\/wp-content\/uploads\/2022\/11\/brett-jordan-jEP4vsHrSM8-unsplash-300x225.jpg 300w, https:\/\/fundacionhorizontes.com\/wp-content\/uploads\/2022\/11\/brett-jordan-jEP4vsHrSM8-unsplash-768x576.jpg 768w, https:\/\/fundacionhorizontes.com\/wp-content\/uploads\/2022\/11\/brett-jordan-jEP4vsHrSM8-unsplash-1536x1152.jpg 1536w, https:\/\/fundacionhorizontes.com\/wp-content\/uploads\/2022\/11\/brett-jordan-jEP4vsHrSM8-unsplash-2048x1536.jpg 2048w, https:\/\/fundacionhorizontes.com\/wp-content\/uploads\/2022\/11\/brett-jordan-jEP4vsHrSM8-unsplash-16x12.jpg 16w\" sizes=\"(max-width: 1024px) 100vw, 1024px\" \/><\/figure><\/div>\n\n\n\n<div class=\"wp-block-media-text alignwide is-stacked-on-mobile is-vertically-aligned-center has-white-background-color has-background\"><figure class=\"wp-block-media-text__media\"><img decoding=\"async\" loading=\"lazy\" width=\"1024\" height=\"1024\" src=\"https:\/\/fundacionhorizontes.com\/wp-content\/uploads\/2022\/07\/vivienda-1024x1024.png\" alt=\"\" class=\"wp-image-561 size-full\" srcset=\"https:\/\/fundacionhorizontes.com\/wp-content\/uploads\/2022\/07\/vivienda-1024x1024.png 1024w, https:\/\/fundacionhorizontes.com\/wp-content\/uploads\/2022\/07\/vivienda-300x300.png 300w, https:\/\/fundacionhorizontes.com\/wp-content\/uploads\/2022\/07\/vivienda-150x150.png 150w, https:\/\/fundacionhorizontes.com\/wp-content\/uploads\/2022\/07\/vivienda-768x768.png 768w, https:\/\/fundacionhorizontes.com\/wp-content\/uploads\/2022\/07\/vivienda.png 1320w\" sizes=\"(max-width: 1024px) 100vw, 1024px\" \/><\/figure><div class=\"wp-block-media-text__content\">\n<div class=\"is-layout-flow wp-block-group\" style=\"padding-top:2em;padding-right:2em;padding-bottom:2em;padding-left:2em\"><div class=\"wp-block-group__inner-container\">\n<p class=\"has-black-color has-text-color\" style=\"font-size:36px;line-height:1.2\"><strong>Dentro de un a\u00f1o, es posible que desees haber comenzado hoy.<\/strong><\/p>\n\n\n\n<p class=\"has-extra-small-font-size\">\u2013 Karen Lamb<\/p>\n\n\n\n<div class=\"is-horizontal is-content-justification-center is-layout-flex wp-container-11 wp-block-buttons\">\n<div class=\"wp-block-button has-custom-width wp-block-button__width-75 has-custom-font-size is-style-outline has-medium-font-size\"><a class=\"wp-block-button__link has-black-color has-text-color has-background wp-element-button\" href=\"https:\/\/fundacionhorizontes.com\/index.php\/contactenos\/\" style=\"background-color:#d2bead\"><strong>Cont\u00e1ctenos<\/strong><\/a><\/div>\n<\/div>\n<\/div><\/div>\n<\/div><\/div>\n\n\n\n<div class=\"is-layout-flow wp-block-group\"><div class=\"wp-block-group__inner-container\">\n<div class=\"is-layout-flex wp-container-15 wp-block-columns are-vertically-aligned-center fondogeneral2 has-black-color has-white-background-color has-text-color has-background\">\n<div class=\"is-layout-flow wp-block-column is-vertically-aligned-center has-black-color has-text-color\">\n<h2 class=\"has-text-align-center has-black-color has-text-color\">   Caracter\u00edsticas<\/h2>\n\n\n\n<ul>\n<li><strong>Destino:<\/strong> Mejora progresiva de vivienda, compra\/legalizaci\u00f3n de terreno, saneamiento de vivienda, construcci\u00f3n de vivienda, construcci\u00f3n productiva.<\/li>\n\n\n\n<li><strong>Montos:<\/strong> Desde L 3,000.00 en adelante.<\/li>\n\n\n\n<li><strong>Garant\u00edas:<\/strong> Fiduciaria o prendaria.<\/li>\n\n\n\n<li><strong>Seguros:<\/strong> Protecci\u00f3n Horizontes, Seguro de deuda.<\/li>\n<\/ul>\n<\/div>\n\n\n\n<div class=\"is-layout-flow wp-block-column is-vertically-aligned-center\" style=\"flex-basis:33.33%\"><div class=\"wp-block-image is-style-default\">\n<figure class=\"aligncenter size-thumbnail\"><img decoding=\"async\" loading=\"lazy\" width=\"150\" height=\"150\" src=\"https:\/\/fundacionhorizontes.com\/wp-content\/uploads\/2022\/07\/hogar-150x150.png\" alt=\"iconovivienda\" class=\"wp-image-545\" srcset=\"https:\/\/fundacionhorizontes.com\/wp-content\/uploads\/2022\/07\/hogar-150x150.png 150w, https:\/\/fundacionhorizontes.com\/wp-content\/uploads\/2022\/07\/hogar-300x300.png 300w, https:\/\/fundacionhorizontes.com\/wp-content\/uploads\/2022\/07\/hogar.png 512w\" sizes=\"(max-width: 150px) 100vw, 150px\" \/><\/figure><\/div><\/div>\n<\/div>\n<\/div><\/div>\n","protected":false},"excerpt":{"rendered":"<p>Cr\u00e9dito Mejora de Vivienda Descripci\u00f3n General Plazos y tasa de inter\u00e9s Requisitos Generales Caracter\u00edsticas<\/p>\n","protected":false},"author":2,"featured_media":0,"parent":0,"menu_order":0,"comment_status":"closed","ping_status":"closed","template":"","meta":[],"_links":{"self":[{"href":"https:\/\/fundacionhorizontes.com\/index.php\/wp-json\/wp\/v2\/pages\/63"}],"collection":[{"href":"https:\/\/fundacionhorizontes.com\/index.php\/wp-json\/wp\/v2\/pages"}],"about":[{"href":"https:\/\/fundacionhorizontes.com\/index.php\/wp-json\/wp\/v2\/types\/page"}],"author":[{"embeddable":true,"href":"https:\/\/fundacionhorizontes.com\/index.php\/wp-json\/wp\/v2\/users\/2"}],"replies":[{"embeddable":true,"href":"https:\/\/fundacionhorizontes.com\/index.php\/wp-json\/wp\/v2\/comments?post=63"}],"version-history":[{"count":18,"href":"https:\/\/fundacionhorizontes.com\/index.php\/wp-json\/wp\/v2\/pages\/63\/revisions"}],"predecessor-version":[{"id":2884,"href":"https:\/\/fundacionhorizontes.com\/index.php\/wp-json\/wp\/v2\/pages\/63\/revisions\/2884"}],"wp:attachment":[{"href":"https:\/\/fundacionhorizontes.com\/index.php\/wp-json\/wp\/v2\/media?parent=63"}],"curies":[{"name":"wp","href":"https:\/\/api.w.org\/{rel}","templated":true}]}}