{"id":57,"date":"2022-07-15T11:47:02","date_gmt":"2022-07-15T17:47:02","guid":{"rendered":"http:\/\/fundacionhorizontes.com\/?page_id=57"},"modified":"2022-08-11T16:14:21","modified_gmt":"2022-08-11T22:14:21","slug":"panel-solar","status":"publish","type":"page","link":"https:\/\/fundacionhorizontes.com\/index.php\/panel-solar\/","title":{"rendered":"Panel Solar"},"content":{"rendered":"\n<div class=\"is-layout-flow wp-block-group alignfull\"><div class=\"wp-block-group__inner-container\">\n<div class=\"is-layout-flex wp-container-2 wp-block-columns alignfull\">\n<div class=\"is-layout-flow wp-block-column fondogeneral2\" style=\"flex-basis:100%\">\n<div style=\"height:10px\" aria-hidden=\"true\" class=\"wp-block-spacer\"><\/div>\n\n\n\n<h1 class=\"has-text-align-center has-black-color has-text-color\">Cr\u00e9dito Paneles Solares<\/h1>\n<\/div>\n<\/div>\n<\/div><\/div>\n\n\n\n<div class=\"is-layout-flow wp-block-group\"><div class=\"wp-block-group__inner-container\">\n<div class=\"is-layout-flex wp-container-7 wp-block-columns\">\n<div class=\"is-layout-flow wp-elements-00cdd538359a56e98c313434c346d1ef wp-block-column bordegeneral has-white-background-color has-text-color has-background has-link-color\" style=\"color:#000000;padding-top:2em;padding-right:2em;padding-bottom:2em;padding-left:2em\">\n<h2 class=\"has-text-align-center has-black-color has-text-color\" id=\"patron\" style=\"font-size:30px\">Descripci\u00f3n <br>General<\/h2>\n\n\n\n<hr class=\"wp-block-separator has-text-color has-pale-cyan-blue-color has-alpha-channel-opacity has-pale-cyan-blue-background-color has-background is-style-wide\"\/>\n\n\n\n<ul class=\"has-normal-font-size\"><li>Como parte de nuestra responsabilidad social y ambiental, apoya a sus clientes con financiamiento oportuno y eficiente para la adquisici\u00f3n e instalaci\u00f3n de sistemas solares fotovoltaicos (utilizados para generar electricidad mediante energ\u00eda solar) domiciliares para contribuir al mejoramiento de sus condiciones de vida.<\/li><\/ul>\n<\/div>\n\n\n\n<div class=\"is-layout-flow wp-elements-e5b40dcdd714fe0913c56c82f824e515 wp-block-column bordegeneral2 has-white-background-color has-text-color has-background has-link-color\" style=\"color:#000000;padding-top:2em;padding-right:2em;padding-bottom:2em;padding-left:2em\">\n<h2 class=\"has-text-align-center has-black-color has-text-color\" style=\"font-size:30px\">Plazos y tasa de inter\u00e9s<\/h2>\n\n\n\n<hr class=\"wp-block-separator has-text-color has-luminous-vivid-amber-color has-alpha-channel-opacity has-luminous-vivid-amber-background-color has-background is-style-wide\"\/>\n\n\n\n<ul class=\"has-normal-font-size\"><li>Intereses a la comodidad de su bolsillo. Nos adaptamos a su presupuesto, con tasas accesibles, y plazos que se ajusten a sus necesidades.<\/li><\/ul>\n<\/div>\n\n\n\n<div class=\"is-layout-flow wp-elements-08cb33f6f0cdfd26f74c26a949c6529a wp-block-column bordegeneral has-white-background-color has-text-color has-background has-link-color\" style=\"color:#000000;padding-top:2em;padding-right:2em;padding-bottom:2em;padding-left:2em\">\n<h2 class=\"has-text-align-center has-black-color has-text-color\" id=\"single\" style=\"font-size:30px\">Requisitos Generales<\/h2>\n\n\n\n<hr class=\"wp-block-separator has-text-color has-pale-cyan-blue-color has-alpha-channel-opacity has-pale-cyan-blue-background-color has-background is-style-wide\"\/>\n\n\n\n<ul class=\"has-normal-font-size\"><li>Ser mayor de 21 a\u00f1os.<\/li><li>Poseer DNI.<\/li><li>Recibos de servicios p\u00fablicos.<\/li><li>Tener una fuente de ingresos.<\/li><\/ul>\n<\/div>\n<\/div>\n<\/div><\/div>\n\n\n\n<div class=\"is-layout-flow wp-block-group\"><div class=\"wp-block-group__inner-container\">\n<div class=\"wp-block-media-text is-stacked-on-mobile\" style=\"grid-template-columns:25% auto\"><figure class=\"wp-block-media-text__media\"><img decoding=\"async\" loading=\"lazy\" width=\"384\" height=\"384\" src=\"https:\/\/fundacionhorizontes.com\/wp-content\/uploads\/2022\/07\/panel.jpg\" alt=\"\" class=\"wp-image-572 size-full\" srcset=\"https:\/\/fundacionhorizontes.com\/wp-content\/uploads\/2022\/07\/panel.jpg 384w, https:\/\/fundacionhorizontes.com\/wp-content\/uploads\/2022\/07\/panel-300x300.jpg 300w, https:\/\/fundacionhorizontes.com\/wp-content\/uploads\/2022\/07\/panel-150x150.jpg 150w\" sizes=\"(max-width: 384px) 100vw, 384px\" \/><\/figure><div class=\"wp-block-media-text__content\">\n<h3 class=\"has-text-align-center has-black-color has-text-color\"><strong>Luz solar para su vivienda con la cual podr\u00e1 reducir costos de electricidad, d\u00e1ndole mayor valor a su hogar o empresa, y ser autosuficiente a la vez.<\/strong><\/h3>\n\n\n\n<div class=\"is-horizontal is-content-justification-center is-layout-flex wp-container-9 wp-block-buttons\">\n<div class=\"wp-block-button has-custom-width wp-block-button__width-50 is-style-outline\"><a class=\"wp-block-button__link has-black-color has-white-background-color has-text-color has-background\" href=\"https:\/\/fundacionhorizontes.com\/index.php\/contactenos\/\"><strong>Cont\u00e1ctenos<\/strong><\/a><\/div>\n<\/div>\n<\/div><\/div>\n<\/div><\/div>\n\n\n\n<div class=\"is-layout-flow wp-block-group\"><div class=\"wp-block-group__inner-container\">\n<div style=\"height:20px\" aria-hidden=\"true\" class=\"wp-block-spacer\"><\/div>\n<\/div><\/div>\n\n\n\n<div class=\"is-layout-flow wp-block-group\"><div class=\"wp-block-group__inner-container\">\n<div class=\"is-layout-flex wp-container-14 wp-block-columns are-vertically-aligned-center fondogeneral2 has-black-color has-white-background-color has-text-color has-background\">\n<div class=\"is-layout-flow wp-block-column is-vertically-aligned-center has-black-color has-text-color\">\n<h2 class=\"has-text-align-center has-black-color has-text-color\">   Caracter\u00edsticas<\/h2>\n\n\n\n<ul style=\"font-size:15px\"><li><strong>Destino:<\/strong> Compra de paneles solares.<\/li><li><strong>Montos:<\/strong> Desde L 3,000.00 hasta L 100,000.00.<\/li><li><strong>Garant\u00edas:<\/strong> Fiduciaria o prendaria.<\/li><li><strong>Seguros:<\/strong> Protecci\u00f3n Horizontes, Seguro de deuda.<\/li><\/ul>\n<\/div>\n\n\n\n<div class=\"is-layout-flow wp-block-column is-vertically-aligned-center\" style=\"flex-basis:33.33%\"><div class=\"wp-block-image is-style-default\">\n<figure class=\"aligncenter size-thumbnail\"><img decoding=\"async\" loading=\"lazy\" width=\"150\" height=\"150\" src=\"https:\/\/fundacionhorizontes.com\/wp-content\/uploads\/2022\/07\/construccion-de-viviendas-con-energia-solar-con-paneles-solares-en-el-techo-150x150.png\" alt=\"iconopanelsolar\" class=\"wp-image-540\" srcset=\"https:\/\/fundacionhorizontes.com\/wp-content\/uploads\/2022\/07\/construccion-de-viviendas-con-energia-solar-con-paneles-solares-en-el-techo-150x150.png 150w, https:\/\/fundacionhorizontes.com\/wp-content\/uploads\/2022\/07\/construccion-de-viviendas-con-energia-solar-con-paneles-solares-en-el-techo-300x300.png 300w, https:\/\/fundacionhorizontes.com\/wp-content\/uploads\/2022\/07\/construccion-de-viviendas-con-energia-solar-con-paneles-solares-en-el-techo.png 512w\" sizes=\"(max-width: 150px) 100vw, 150px\" \/><\/figure><\/div><\/div>\n<\/div>\n<\/div><\/div>\n","protected":false},"excerpt":{"rendered":"<p>Cr\u00e9dito Paneles Solares Descripci\u00f3n General Como parte de nuestra responsabilidad social y ambiental, apoya a sus clientes con financiamiento oportuno y eficiente para la adquisici\u00f3n e instalaci\u00f3n de sistemas solares &#8230;<\/p>\n","protected":false},"author":2,"featured_media":0,"parent":0,"menu_order":0,"comment_status":"closed","ping_status":"closed","template":"","meta":[],"_links":{"self":[{"href":"https:\/\/fundacionhorizontes.com\/index.php\/wp-json\/wp\/v2\/pages\/57"}],"collection":[{"href":"https:\/\/fundacionhorizontes.com\/index.php\/wp-json\/wp\/v2\/pages"}],"about":[{"href":"https:\/\/fundacionhorizontes.com\/index.php\/wp-json\/wp\/v2\/types\/page"}],"author":[{"embeddable":true,"href":"https:\/\/fundacionhorizontes.com\/index.php\/wp-json\/wp\/v2\/users\/2"}],"replies":[{"embeddable":true,"href":"https:\/\/fundacionhorizontes.com\/index.php\/wp-json\/wp\/v2\/comments?post=57"}],"version-history":[{"count":9,"href":"https:\/\/fundacionhorizontes.com\/index.php\/wp-json\/wp\/v2\/pages\/57\/revisions"}],"predecessor-version":[{"id":1782,"href":"https:\/\/fundacionhorizontes.com\/index.php\/wp-json\/wp\/v2\/pages\/57\/revisions\/1782"}],"wp:attachment":[{"href":"https:\/\/fundacionhorizontes.com\/index.php\/wp-json\/wp\/v2\/media?parent=57"}],"curies":[{"name":"wp","href":"https:\/\/api.w.org\/{rel}","templated":true}]}}