{"id":49,"date":"2022-07-15T11:42:05","date_gmt":"2022-07-15T17:42:05","guid":{"rendered":"http:\/\/fundacionhorizontes.com\/?page_id=49"},"modified":"2022-12-28T09:55:27","modified_gmt":"2022-12-28T15:55:27","slug":"quienes-somos","status":"publish","type":"page","link":"https:\/\/fundacionhorizontes.com\/index.php\/quienes-somos\/","title":{"rendered":"Quienes Somos"},"content":{"rendered":"\n<div class=\"is-layout-flex wp-container-3 wp-block-columns alignfull quienessomos has-background\" style=\"background-color:#0f5582\">\n<div class=\"is-layout-flow wp-block-column is-vertically-aligned-center\" style=\"flex-basis:50%\"><div class=\"wp-block-image\">\n<figure class=\"aligncenter size-large is-resized\"><img decoding=\"async\" loading=\"lazy\" src=\"https:\/\/fundacionhorizontes.com\/wp-content\/uploads\/2022\/08\/LogoFHA_Blanco_SinSlogan-990x1024.png\" alt=\"\" class=\"wp-image-1862\" width=\"385\" height=\"398\" srcset=\"https:\/\/fundacionhorizontes.com\/wp-content\/uploads\/2022\/08\/LogoFHA_Blanco_SinSlogan-990x1024.png 990w, https:\/\/fundacionhorizontes.com\/wp-content\/uploads\/2022\/08\/LogoFHA_Blanco_SinSlogan-290x300.png 290w, https:\/\/fundacionhorizontes.com\/wp-content\/uploads\/2022\/08\/LogoFHA_Blanco_SinSlogan-768x795.png 768w, https:\/\/fundacionhorizontes.com\/wp-content\/uploads\/2022\/08\/LogoFHA_Blanco_SinSlogan-1485x1536.png 1485w, https:\/\/fundacionhorizontes.com\/wp-content\/uploads\/2022\/08\/LogoFHA_Blanco_SinSlogan.png 1590w\" sizes=\"(max-width: 385px) 100vw, 385px\" \/><\/figure><\/div><\/div>\n\n\n\n<div class=\"is-layout-flow wp-block-column is-vertically-aligned-center textogradiente\" style=\"flex-basis:50%\">\n<style>\nbody {\n  align-items: center;\n  justify-content: center;\n  font-weight: bold;\n  text-align: justify;\n}\n<\/style>\n\n<p><\/br> Somos una instituci\u00f3n microfinanciera que apoya el sector de la micro, peque\u00f1a y mediana empresa. Con m\u00e1s de 40 a\u00f1os de experiencia en el mercado, apoyamos los sectores rurales y urbanos, fortaleciendo su calidad de vida, creciendo junto a nuestros clientes.<\/p>\n<\/div>\n<\/div>\n","protected":false},"excerpt":{"rendered":"<p>Somos una instituci\u00f3n microfinanciera que apoya el sector de la micro, peque\u00f1a y mediana empresa. Con m\u00e1s de 40 a\u00f1os de experiencia en el mercado, apoyamos los sectores rurales y &#8230;<\/p>\n","protected":false},"author":2,"featured_media":0,"parent":0,"menu_order":0,"comment_status":"closed","ping_status":"closed","template":"","meta":[],"_links":{"self":[{"href":"https:\/\/fundacionhorizontes.com\/index.php\/wp-json\/wp\/v2\/pages\/49"}],"collection":[{"href":"https:\/\/fundacionhorizontes.com\/index.php\/wp-json\/wp\/v2\/pages"}],"about":[{"href":"https:\/\/fundacionhorizontes.com\/index.php\/wp-json\/wp\/v2\/types\/page"}],"author":[{"embeddable":true,"href":"https:\/\/fundacionhorizontes.com\/index.php\/wp-json\/wp\/v2\/users\/2"}],"replies":[{"embeddable":true,"href":"https:\/\/fundacionhorizontes.com\/index.php\/wp-json\/wp\/v2\/comments?post=49"}],"version-history":[{"count":92,"href":"https:\/\/fundacionhorizontes.com\/index.php\/wp-json\/wp\/v2\/pages\/49\/revisions"}],"predecessor-version":[{"id":3524,"href":"https:\/\/fundacionhorizontes.com\/index.php\/wp-json\/wp\/v2\/pages\/49\/revisions\/3524"}],"wp:attachment":[{"href":"https:\/\/fundacionhorizontes.com\/index.php\/wp-json\/wp\/v2\/media?parent=49"}],"curies":[{"name":"wp","href":"https:\/\/api.w.org\/{rel}","templated":true}]}}