{"id":47,"date":"2022-07-15T11:41:28","date_gmt":"2022-07-15T17:41:28","guid":{"rendered":"http:\/\/fundacionhorizontes.com\/?page_id=47"},"modified":"2025-07-08T10:46:36","modified_gmt":"2025-07-08T16:46:36","slug":"agencias","status":"publish","type":"page","link":"https:\/\/fundacionhorizontes.com\/index.php\/agencias\/","title":{"rendered":"Agencias"},"content":{"rendered":"\t\t<div data-elementor-type=\"wp-page\" data-elementor-id=\"47\" class=\"elementor elementor-47\">\n\t\t\t\t\t\t\t\t\t<section class=\"elementor-section elementor-top-section elementor-element elementor-element-d75fca9 elementor-section-boxed elementor-section-height-default elementor-section-height-default\" data-id=\"d75fca9\" data-element_type=\"section\">\n\t\t\t\t\t\t<div class=\"elementor-container elementor-column-gap-default\">\n\t\t\t\t\t<div class=\"elementor-column elementor-col-100 elementor-top-column elementor-element elementor-element-24b8fc6\" data-id=\"24b8fc6\" data-element_type=\"column\">\n\t\t\t<div class=\"elementor-widget-wrap elementor-element-populated\">\n\t\t\t\t\t\t\t\t<div class=\"elementor-element elementor-element-9825403 elementor-widget elementor-widget-html\" data-id=\"9825403\" data-element_type=\"widget\" data-widget_type=\"html.default\">\n\t\t\t\t<div class=\"elementor-widget-container\">\n\t\t\t<style>\n\/*---------------------------------------------------------------------- \/\nCARDS\n----------------------------------------------------------------------- *\/\n\n.card {\n    display: inline-block;\n    position: relative;\n    width: 100%;\n    margin-bottom: 30px;\n    border-radius: 6px;\n    color: rgba(0, 0, 0, 0.87);\n    background: #fff;\n    box-shadow: 0 2px 2px 0 rgba(0, 0, 0, 0.14), 0 3px 1px -2px rgba(0, 0, 0, 0.2), 0 1px 5px 0 rgba(0, 0, 0, 0.12);\n}\n\n.card .card-image {\n    height: 60%;\n    position: relative;\n    overflow: hidden;\n    margin-left: 15px;\n    margin-right: 15px;\n    margin-top: -30px;\n    border-radius: 6px;\n    box-shadow: 0 1px 20px -12px rgba(0, 0, 0, 0.56), 0 4px 25px 0px rgba(0, 0, 0, 0.12), 0 8px 10px -5px rgba(0, 0, 0, 0.2);\n}\n\n.card .card-image img {\n    width: 100%;\n    height: 100%;\n    border-radius: 6px;\n    pointer-events: none;\n}\n\n.card .card-image .card-caption {\n    position: absolute;\n    bottom: 15px;\n    left: 15px;\n    color: #fff;\n    font-size: 1.3em;\n    text-shadow: 0 2px 5px rgba(33, 33, 33, 0.5);\n}\n\n.card img {\n    width: 100%;\n    height: auto;\n}\n\n.img-raised {\n    box-shadow: 0 16px 38px -12px rgba(0, 0, 0, 0.56), 0 4px 25px 0px rgba(0, 0, 0, 0.12), 0 8px 10px -5px rgba(0, 0, 0, 0.2);\n}\n\n.card .ftr {\n    margin-top: 15px;\n}\n\n.card .ftr div {\n    display: inline-block;\n}\n\n.card .ftr .author {\n    color: #888;\n}\n\n.card .ftr .stats {\n    float: right;\n    line-height: 30px;\n}\n\n.card .ftr .stats {\n    position: relative;\n    top: 1px;\n    font-size: 14px;\n}\n\n\n\/* ============ Card Table ============ *\/\n\n.table {\n    margin-bottom: 0px;\n}\n\n.card .table {\n    padding: 10px 30px;\n}\n\n\n\n\n\n\n\n\n\n\n\n\n\n\n\n\/* ============ Card Background ============ *\/\n\n.card-background {\n    background-position: center;\n    background-size: cover;\n    text-align: center;\n}\n\n.card-background .table {\n    position: relative;\n    z-index: 2;\n    min-height: 280px;\n    padding-top: 40px;\n    padding-bottom: 40px;\n    max-width: 440px;\n    margin: 0 auto;\n}\n\n.card-background .category,\n.card-background .card-description,\n.card-background small {\n    color: rgba(255, 255, 255, 0.8);\n\n}\n\n.card-description{\n    font-size: 1em;\n    font-weight: bold;\n}\n\n.card-background .card-caption {\n    color: #FFFFFF;\n    margin-top: 10px;\n}\n\n.card-background:after {\n    position: absolute;\n    z-index: 1;\n    width: 100%;\n    height: 100%;\n    display: block;\n    left: 0;\n    top: 0;\n    table: \"\";\n    background-color: rgba(0, 0, 0, 0.56);\n    border-radius: 6px;\n}\n\n\n\/* ============ Card Profile ============ *\/\n\n.card-profile {\n    margin-top: 30px;\n    text-align: center;\n}\n\n\n\/* ============ Card Category ============ *\/\n\n.category {\n    position: relative;\n    line-height: 0;\n    margin: 15px 0;\n}\n\n.card .category-social .fa {\n    font-size: 24px;\n    position: relative;\n    margin-top: -4px;\n    top: 2px;\n    margin-right: 5px;\n}\n\n\n\n\n\n\n\/* ============ Text Color ============ *\/\n\n\/*---------------------------------------------------------------------- \/\nSOCIAL MEDIA BUTTONS\n----------------------------------------------------------------------- *\/\n\n\n\n\/*WhatsApp*\/\n\n.btn.btn-whatsapp,\n.navbar .navbar-nav > li > a.btn.btn-whatsapp {\n    background-color: white;\n    color: #fff;\n    box-shadow: 0 2px 2px 0 rgba(85, 172, 238, 0.14), 0 3px 1px -2px rgba(85, 172, 238, 0.2), 0 1px 5px 0 rgba(85, 172, 238, 0.12);\n}\n\n.btn.btn-whatsapp:focus,\n.btn.btn-whatsapp:active,\n.btn.btn-whatsapp:hover {\n    background-color: white;\n    color: #ffffff;\n    box-shadow: 0 14px 26px -12px rgba(85, 172, 238, 0.42), 0 4px 23px 0px rgba(0, 0, 0, 0.12), 0 8px 10px -5px rgba(85, 172, 238, 0.2);\n}\n\n.btn.btn-whatsapp.btn-simple,\n.navbar .navbar-nav > li > a.btn.btn-whatsapp.btn-simple {\n    color: #25D366;\n    background-color: transparent;\n    box-shadow: none;\n    font-size: 2em;\n}\n\n\n\/*Correo*\/\n\n.btn.btn-mail,\n.navbar .navbar-nav > li > a.btn.btn-mail\n    {\n    background-color: #ffffff;\n    color: #ffffff;\n    box-shadow: 0 2px 2px 0 rgba(234, 76, 137, 0.14), 0 3px 1px -2px rgba(234, 76, 137, 0.2), 0 1px 5px 0 rgba(234, 76, 137, 0.12);\n}\n\n.btn.btn-mail:focus,\n.btn.btn-mail:active,\n.btn.btn-mail:hover {\n    background-color: #ffffff;\n    color: #ffffff;\n    box-shadow: 0 14px 26px -12px rgba(234, 76, 137, 0.42), 0 4px 23px 0px rgba(0, 0, 0, 0.12), 0 8px 10px -5px rgba(234, 76, 137, 0.2);\n}\n\n.btn.btn-mail.btn-simple,\n.navbar .navbar-nav > li > a.btn.btn-mail.btn-simple {\n    color: #0F5582;\n    background-color: transparent;\n    box-shadow: none;\n    font-size: 2em;\n}\n\n\n\n\n\n\/*---------------------------------------------------------------------- \/\nBOOTSTRAP COL-MD-12 CLASS\n----------------------------------------------------------------------- *\/\n\n.col-md-12 {\n    padding-right: 0px;\n    padding-left: 0px;\n}\n\n\n\/*---------------------------------------------------------------------- \/\nFONT AWESOME FA CLASS\n----------------------------------------------------------------------- *\/\n\n.fa {\n    display: inline-block;\n    font: normal normal normal 14px\/1 FontAwesome;\n    font-size: inherit;\n    text-rendering: auto;\n    -webkit-font-smoothing: antialiased;\n    -moz-osx-font-smoothing: grayscale;\n}\n\n\/***********Only4Demo*******************\/\n\/**************************************\/\n\n\/* ======= GENERAL  ======= *\/\n\n\/*body, h1, h2, h3, h4, h5, h6, .h1, .h2, .h3, .h4 {\n    font-family: \"Roboto\", \"Helvetica\", \"Arial\", sans-serif;\n    font-weight: 300;\n    line-height: 1.5em;\n}\n\na {\n    color: #9c27b0;\n    text-decoration: none;\n}\n\na:hover {\n    color: #9c27b0;\n    text-decoration: underline;\n}\n\np {\n    color: #3C4857;\n}\n\nheader {\n    border-bottom: 1px solid #dedede;\n    text-align: center;\n}\n\n\nh1, .h1 {\n  font-size: 3.8em;\n}\n\nh2, .h2 {\n  font-size: 2.0em;\n  line-height: 1.6em;\n  margin: 15px 0 15px;\n  font-weight: 700;\n  font-family: \"Roboto Slab\", \"Times New Roman\", serif;\n  text-align: center;\n}\n\nh3, .h3 {\n  font-size: 1.825em;\n  line-height: 1.4em;\n  margin: 30px 0 30px;\n  font-weight: 700;\n  font-family: \"Roboto Slab\", \"Times New Roman\", serif;\n  text-align: center;\n}\n\nh4, .h4 {\n  font-size: 1.3em;\n  line-height: 1.55em;\n}\n\nh5, .h5 {\n  font-size: 1.25em;\n  line-height: 1.55em;\n  margin-bottom: 15px;\n}\n\nh6, .h6 {\n  font-size: 0.9em;\n  font-weight: 500;\n}*\/\nh3, .h3 {\n  text-align: center;\n  color:#0F5582;\n  padding-bottom: 3px;\n  text-transform: uppercase;\n}\n\nh6, .h6 {\n  text-align: center;\n  color:#F69322;\n}\n\n\/**\/\n.text-yellow{\n    color:#F69322;\n}\n\n.text-blue{\n    color:#0F5582;\n}\n\n\n\n\n<\/style>\n\n\n<div style=\"text-align:center;\"><h1>Nuestras Agencias<\/h1><\/div>\n        <div class=\"cards-6 section-gray\">\n            <div class=\"container\">\n                <div class=\"row\">\n                    <div class=\"col-md-4\">\n                        <h3 class=\"category\">Agencia Principal<\/h3>\n                        <div class=\"card card-profile\">\n                            <div class=\"card-image\"><iframe src=\"https:\/\/www.google.com\/maps\/embed?pb=!1m18!1m12!1m3!1d339.8116495343971!2d-88.01988439003048!3d15.509700175818148!2m3!1f0!2f0!3f0!3m2!1i1024!2i768!4f13.1!3m3!1m2!1s0x8f665b48cdb68387%3A0x7f5498a4a3861afc!2sFundaci%C3%B3n%20Horizontes%20de%20Amistad!5e0!3m2!1ses-419!2shn!4v1654621425726!5m2!1ses-419!2shn\" style=\"border:0;\" allowfullscreen=\"\" loading=\"lazy\" referrerpolicy=\"no-referrer-when-downgrade\" width=\"600vw\" height=\"260vh\"><\/iframe>          <!-- <div class=\"card-caption\"> Agencia Principal <\/div>-->\n                                <\/a>\n                            <\/div>\n                            <div class=\"table\">\n                                <h6 class=\"category\">SPS, Cort\u00e9s<\/h6>\n                                <p class=\"card-description\"> Edificio FHA, 6 Calle, 2 y 3 Avenida Noreste. Barrio Barandillas.<\/p>\n                                <div class=\"ftr\"> <a href=\"https:\/\/api.whatsapp.com\/send?phone=50494523705\" class=\"btn btn-just-icon btn-simple btn-whatsapp\"><i class=\"fa fa-whatsapp\"><\/i><\/a> <a href=\"mailto:principal@fundacionhorizontes.com\" class=\"btn btn-just-icon btn-simple btn-mail\"><i class=\"fa fa-envelope-o\"><\/i><\/a><\/div>\n                            <\/div>\n                        <\/div>\n                    <\/div>\n                    <div class=\"col-md-4\">\n                        <h3 class=\"category\">Agencia Cofrad\u00eda<\/h3>\n                        <div class=\"card card-profile\">\n                            <div class=\"card-image\"><iframe src=\"https:\/\/www.google.com\/maps\/embed?pb=!1m14!1m8!1m3!1d3142.3184829661855!2d-88.15595821299478!3d15.410816858552714!3m2!1i1024!2i768!4f13.1!3m3!1m2!1s0x0%3A0x4c6af6e75fb136ce!2sMicrofinanciera%20Horizontes%20De%20Amistad!5e0!3m2!1ses!2shn!4v1658350105665!5m2!1ses!2shn\" style=\"border:0;\" allowfullscreen=\"\" loading=\"lazy\" referrerpolicy=\"no-referrer-when-downgrade\" width=\"600vw\" height=\"260vh\"><\/iframe>          \n                                <\/a>\n                            <\/div>\n                            <div class=\"table\">\n                                <h6 class=\"category\">Cofrad\u00eda, Cort\u00e9s<\/h6>\n                                <p class=\"card-description\"> Bo. El Centro, contiguo a Aguas de San Pedro. Frente a kinder Lila Luz de M. <\/p>\n                                <div class=\"ftr\"> <a href=\"https:\/\/api.whatsapp.com\/send?phone=50494523670\" class=\"btn btn-just-icon btn-simple btn-whatsapp\"><i class=\"fa fa-whatsapp\"><\/i><\/a> <a href=\"mailto:cofrad\u00eda@fundacionhorizontes.com\" class=\"btn btn-just-icon btn-simple btn-mail\"><i class=\"fa fa-envelope-o\"><\/i><\/a><\/div>\n                            <\/div>\n                        <\/div>\n                    <\/div>\n                    <div class=\"col-md-4\">\n                        <h3 class=\"category\">Agencia Choloma<\/h3>\n                        <div class=\"card card-profile\">\n                            <div class=\"card-image\"><iframe src=\"https:\/\/www.google.com\/maps\/embed?pb=!1m18!1m12!1m3!1d240.16583883325785!2d-87.95403703063137!3d15.610155353944133!2m3!1f0!2f0!3f0!3m2!1i1024!2i768!4f13.1!3m3!1m2!1s0x8f664fe9ec3053dd%3A0x5a7851519cff2edf!2sPlaza%20Belen!5e0!3m2!1ses!2shn!4v1716654426361!5m2!1ses!2shn\" style=\"border:0;\" allowfullscreen=\"\" loading=\"lazy\" referrerpolicy=\"no-referrer-when-downgrade\" width=\"600vw\" height=\"260vh\"><\/iframe>\n                                <\/a>\n                            <\/div>\n                            <div class=\"table\">\n                                <h6 class=\"category\">Choloma, Cort\u00e9s<\/h6>\n                                <p class=\"card-description\"> Barrio el Banco, Plaza Belen, contiguo al centro de salud.<\/p>\n                                    <div class=\"ftr\"> <a href=\"https:\/\/api.whatsapp.com\/send?phone=50494523741\" class=\"btn btn-just-icon btn-simple btn-whatsapp\"><i class=\"fa fa-whatsapp\"><\/i><\/a> <a href=\"mailto:choloma@fundacionhorizontes.com\" class=\"btn btn-just-icon btn-simple btn-mail\"><i class=\"fa fa-envelope-o\"><\/i><\/a><\/div>\n                                <\/div>\n                            <\/div>\n                            \n                        <\/div>\n                    \n                    <\/div>\n                    \n                <\/div>\n                \n            <\/div>\n            \n        <\/div>    \n        \t\t<\/div>\n\t\t\t\t<\/div>\n\t\t\t\t\t<\/div>\n\t\t<\/div>\n\t\t\t\t\t\t\t<\/div>\n\t\t<\/section>\n\t\t\t\t<section class=\"elementor-section elementor-top-section elementor-element elementor-element-49b75f7 elementor-section-boxed elementor-section-height-default elementor-section-height-default\" data-id=\"49b75f7\" data-element_type=\"section\">\n\t\t\t\t\t\t<div class=\"elementor-container elementor-column-gap-default\">\n\t\t\t\t\t<div class=\"elementor-column elementor-col-100 elementor-top-column elementor-element elementor-element-1218690\" data-id=\"1218690\" data-element_type=\"column\">\n\t\t\t<div class=\"elementor-widget-wrap elementor-element-populated\">\n\t\t\t\t\t\t\t\t<div class=\"elementor-element elementor-element-8140cfb elementor-widget elementor-widget-html\" data-id=\"8140cfb\" data-element_type=\"widget\" data-widget_type=\"html.default\">\n\t\t\t\t<div class=\"elementor-widget-container\">\n\t\t\t        <div class=\"cards-6 section-gray\">\n            <div class=\"container\">\n                <div class=\"row\">\n                    <div class=\"col-md-4\">\n                        <h3 class=\"category\">Agencia Moraz\u00e1n<\/h3>\n                        <div class=\"card card-profile\">\n                            <div class=\"card-image\"><iframe src=\"https:\/\/www.google.com\/maps\/embed?pb=!1m18!1m12!1m3!1d1714.1082805891915!2d-87.60244966381218!3d15.319904825860949!2m3!1f0!2f0!3f0!3m2!1i1024!2i768!4f13.1!3m3!1m2!1s0x8f661f0645ed4acf%3A0xdb9cef0f7c2c958b!2sMicrofinanciera%20Horizontes%20De%20Amistad!5e0!3m2!1ses-419!2shn!4v1659033160324!5m2!1ses-419!2shn\" style=\"border:0;\" allowfullscreen=\"\" loading=\"lazy\" referrerpolicy=\"no-referrer-when-downgrade\" width=\"300\" height=\"260\"><\/iframe>         <!-- <div class=\"card-caption\"> Agencia Principal <\/div>-->\n                                <\/a>\n                            <\/div>\n                            <div class=\"table\">\n                                <h6 class=\"category\">Moraz\u00e1n, Yoro<\/h6>\n                                <p class=\"card-description\"> Plaza Graci.a, Local #3, Barrio Lempira, contiguo a Tiendas Rosy<\/p>\n                                <div class=\"ftr\"> <a href=\"https:\/\/api.whatsapp.com\/send?phone=50494523718\" class=\"btn btn-just-icon btn-simple btn-whatsapp\"><i class=\"fa fa-whatsapp\"><\/i><\/a> <a href=\"mailto:morazan@fundacionhorizontes.com\" class=\"btn btn-just-icon btn-simple btn-mail\"><i class=\"fa fa-envelope-o\"><\/i><\/a><\/div>\n                            <\/div>\n                        <\/div>\n                    <\/div>\n                    <div class=\"col-md-4\">\n                        <h3 class=\"category\">Agencia Progreso<\/h3>\n                        <div class=\"card card-profile\">\n                            <div class=\"card-image\"><iframe src=\"https:\/\/www.google.com\/maps\/embed?pb=!1m18!1m12!1m3!1d1399.801310596188!2d-87.81095732955481!3d15.402238955694601!2m3!1f0!2f0!3f0!3m2!1i1024!2i768!4f13.1!3m3!1m2!1s0x8f663f675b28a385%3A0x7ac8a9e6172fc7c9!2sMicrofinanciera%20Horizontes%20De%20Amistad!5e0!3m2!1ses!2shn!4v1659032810019!5m2!1ses!2shn\" style=\"border:0;\" allowfullscreen=\"\" loading=\"lazy\" referrerpolicy=\"no-referrer-when-downgrade\" width=\"300\" height=\"260\"><\/iframe>          \n                                <\/a>\n                            <\/div>\n                            <div class=\"table\">\n                                <h6 class=\"category\">El Progreso, Yoro<\/h6>\n                                <p class=\"card-description\">Bo. El Centro, 2 Calle, 1 Avenida Edif. Murano, 2 planta, local B6-B7.<\/p>\n                                <div class=\"ftr\"> <a href=\"https:\/\/api.whatsapp.com\/send?phone=50494458441\" class=\"btn btn-just-icon btn-simple btn-whatsapp\"><i class=\"fa fa-whatsapp\"><\/i><\/a> <a href=\"mailto:progreso@fundacionhorizontes.com\" class=\"btn btn-just-icon btn-simple btn-mail\"><i class=\"fa fa-envelope-o\"><\/i><\/a><\/div>\n                            <\/div>\n                        <\/div>\n                    <\/div>\n                    <div class=\"col-md-4\">\n                        <h3 class=\"category\">Agencia Trinidad<\/h3>\n                        <div class=\"card card-profile\">\n                            <div class=\"card-image\"><iframe src=\"https:\/\/www.google.com\/maps\/embed?pb=!1m14!1m8!1m3!1d294.6363288067009!2d-88.23425253683206!3d15.142584303615433!3m2!1i1024!2i768!4f13.1!3m3!1m2!1s0x0%3A0x2567f0ade15dfc82!2sMicrofinanciera%20Horizontes%20De%20Amistad!5e0!3m2!1ses!2shn!4v1672264177303!5m2!1ses!2shn\" width=\"300\" height=\"260\" style=\"border:0;\" allowfullscreen=\"\" loading=\"lazy\" referrerpolicy=\"no-referrer-when-downgrade\"><\/iframe>\n                                <\/a>\n                            <\/div>\n                            <div class=\"table\">\n                                <h6 class=\"category\">Trinidad, S.B.<\/h6>\n                                <p class=\"card-description\">Bo. El Centro, al oeste del parque central, pocos pasos de Chicagos Pizza.<\/p>\n                                    <div class=\"ftr\"> <a href=\"https:\/\/api.whatsapp.com\/send?phone=50494523655\" class=\"btn btn-just-icon btn-simple btn-whatsapp\"><i class=\"fa fa-whatsapp\"><\/i><\/a> <a href=\"mailto:trinidad@fundacionhorizontes.com\" class=\"btn btn-just-icon btn-simple btn-mail\"><i class=\"fa fa-envelope-o\"><\/i><\/a><\/div>\n                                <\/div>\n                            <\/div>\n                            \n                        <\/div>\n                    \n                    <\/div>\n                    \n                <\/div>\n                \n            <\/div>\n            \n        <\/div>    \n        \t\t<\/div>\n\t\t\t\t<\/div>\n\t\t\t\t\t<\/div>\n\t\t<\/div>\n\t\t\t\t\t\t\t<\/div>\n\t\t<\/section>\n\t\t\t\t<section class=\"elementor-section elementor-top-section elementor-element elementor-element-af3fc3a elementor-section-boxed elementor-section-height-default elementor-section-height-default\" data-id=\"af3fc3a\" data-element_type=\"section\">\n\t\t\t\t\t\t<div class=\"elementor-container elementor-column-gap-default\">\n\t\t\t\t\t<div class=\"elementor-column elementor-col-100 elementor-top-column elementor-element elementor-element-599502c\" data-id=\"599502c\" data-element_type=\"column\">\n\t\t\t<div class=\"elementor-widget-wrap elementor-element-populated\">\n\t\t\t\t\t\t\t\t<div class=\"elementor-element elementor-element-f55fc21 elementor-widget elementor-widget-html\" data-id=\"f55fc21\" data-element_type=\"widget\" data-widget_type=\"html.default\">\n\t\t\t\t<div class=\"elementor-widget-container\">\n\t\t\t<div class=\"cards-6 section-gray\">\r\n    <div class=\"container\">\r\n        <div class=\"row justify-content-md-center\">\r\n            <!-- Agencia Villanueva -->\r\n            <div class=\"col-md-4\">\r\n                <h3 class=\"category\">Agencia Villanueva<\/h3>\r\n                <div class=\"card card-profile\">\r\n                    <div class=\"card-image\">\r\n                        <iframe src=\"https:\/\/www.google.com\/maps\/embed?pb=!1m18!1m12!1m3!1d934.6205351313542!2d-87.99194974941838!3d15.320721942022363!2m3!1f0!2f0!3f0!3m2!1i1024!2i768!4f13.1!3m3!1m2!1s0x8f666941832a46b1%3A0xa6aa92b52f91e766!2sMicrofinanciera%20Horizontes%20De%20Amistad!5e0!3m2!1ses-419!2shn!4v1659033258715!5m2!1ses-419!2shn\" style=\"border:0;\" allowfullscreen=\"\" loading=\"lazy\" referrerpolicy=\"no-referrer-when-downgrade\" width=\"300\" height=\"260\"><\/iframe>\r\n                    <\/div>\r\n                    <div class=\"table\">\r\n                        <h6 class=\"category\">Villanueva, Cort\u00e9s<\/h6>\r\n                        <p class=\"card-description\">Bo. Obelisco, Sasa Plaza, planta baja local 4 frente a Zip Villanueva.<\/p>\r\n                        <div class=\"ftr\">\r\n                            <a href=\"https:\/\/api.whatsapp.com\/send?phone=50494523709\" class=\"btn btn-just-icon btn-simple btn-whatsapp\"><i class=\"fa fa-whatsapp\"><\/i><\/a>\r\n                            <a href=\"mailto:villanueva@fundacionhorizontes.com\" class=\"btn btn-just-icon btn-simple btn-mail\"><i class=\"fa fa-envelope-o\"><\/i><\/a>\r\n                        <\/div>\r\n                    <\/div>\r\n                <\/div>\r\n            <\/div>\r\n\r\n            <!-- Agencia Pe\u00f1a Blanca -->\r\n            <div class=\"col-md-4\">\r\n                <h3 class=\"category\">Agencia Pe\u00f1a Blanca<\/h3>\r\n                <div class=\"card card-profile\">\r\n                    <div class=\"card-image\">\r\n                        <iframe src=\"https:\/\/www.google.com\/maps\/embed?pb=!1m14!1m12!1m3!1d240.89988857869074!2d-88.02853782189291!3d14.970583819279984!2m3!1f0!2f0!3f0!3m2!1i1024!2i768!4f13.1!5e0!3m2!1ses!2shn!4v1751991011294!5m2!1ses!2shn\" width=\"300\" height=\"260\" style=\"border:0;\" allowfullscreen=\"\" loading=\"lazy\" referrerpolicy=\"no-referrer-when-downgrade\"><\/iframe>\r\n                    <\/div>\r\n                    <div class=\"table\">\r\n                        <h6 class=\"category\">Pe\u00f1a Blanca, Cort\u00e9s<\/h6>\r\n                        <p class=\"card-description\">Plaza Gloria Segundo Nivel, Gasolinera PUMA, Frente a tienda El Compadre.<\/p>\r\n                        <div class=\"ftr\">\r\n                            <a href=\"https:\/\/api.whatsapp.com\/send?phone=50493181088\" class=\"btn btn-just-icon btn-simple btn-whatsapp\"><i class=\"fa fa-whatsapp\"><\/i><\/a>\r\n                            <a href=\"mailto:penablanca@fundacionhorizontes.com\" class=\"btn btn-just-icon btn-simple btn-mail\"><i class=\"fa fa-envelope-o\"><\/i><\/a>\r\n                        <\/div>\r\n                    <\/div>\r\n                <\/div>\r\n            <\/div>\r\n\r\n        <\/div>\r\n    <\/div>\r\n<\/div>\r\n\t\t<\/div>\n\t\t\t\t<\/div>\n\t\t\t\t\t<\/div>\n\t\t<\/div>\n\t\t\t\t\t\t\t<\/div>\n\t\t<\/section>\n\t\t\t\t\t\t\t<\/div>\n\t\t","protected":false},"excerpt":{"rendered":"<p>Nuestras Agencias Agencia Principal SPS, Cort\u00e9s Edificio FHA, 6 Calle, 2 y 3 Avenida Noreste. Barrio Barandillas. Agencia Cofrad\u00eda Cofrad\u00eda, Cort\u00e9s Bo. El Centro, contiguo a Aguas de San Pedro. &#8230;<\/p>\n","protected":false},"author":2,"featured_media":0,"parent":0,"menu_order":0,"comment_status":"closed","ping_status":"closed","template":"","meta":[],"_links":{"self":[{"href":"https:\/\/fundacionhorizontes.com\/index.php\/wp-json\/wp\/v2\/pages\/47"}],"collection":[{"href":"https:\/\/fundacionhorizontes.com\/index.php\/wp-json\/wp\/v2\/pages"}],"about":[{"href":"https:\/\/fundacionhorizontes.com\/index.php\/wp-json\/wp\/v2\/types\/page"}],"author":[{"embeddable":true,"href":"https:\/\/fundacionhorizontes.com\/index.php\/wp-json\/wp\/v2\/users\/2"}],"replies":[{"embeddable":true,"href":"https:\/\/fundacionhorizontes.com\/index.php\/wp-json\/wp\/v2\/comments?post=47"}],"version-history":[{"count":55,"href":"https:\/\/fundacionhorizontes.com\/index.php\/wp-json\/wp\/v2\/pages\/47\/revisions"}],"predecessor-version":[{"id":4020,"href":"https:\/\/fundacionhorizontes.com\/index.php\/wp-json\/wp\/v2\/pages\/47\/revisions\/4020"}],"wp:attachment":[{"href":"https:\/\/fundacionhorizontes.com\/index.php\/wp-json\/wp\/v2\/media?parent=47"}],"curies":[{"name":"wp","href":"https:\/\/api.w.org\/{rel}","templated":true}]}}