{"id":2893,"date":"2022-12-16T09:47:41","date_gmt":"2022-12-16T15:47:41","guid":{"rendered":"http:\/\/fundacionhorizontes.com\/?page_id=2893"},"modified":"2022-12-21T15:54:07","modified_gmt":"2022-12-21T21:54:07","slug":"prodsample","status":"publish","type":"page","link":"https:\/\/fundacionhorizontes.com\/index.php\/prodsample\/","title":{"rendered":"prodSample"},"content":{"rendered":"\t\t<div data-elementor-type=\"wp-page\" data-elementor-id=\"2893\" class=\"elementor elementor-2893\">\n\t\t\t\t\t\t\t\t\t<section class=\"elementor-section elementor-top-section elementor-element elementor-element-5331f82 elementor-section-boxed elementor-section-height-default elementor-section-height-default\" data-id=\"5331f82\" data-element_type=\"section\">\n\t\t\t\t\t\t<div class=\"elementor-container elementor-column-gap-default\">\n\t\t\t\t\t<div class=\"elementor-column elementor-col-100 elementor-top-column elementor-element elementor-element-b4cdaec\" data-id=\"b4cdaec\" data-element_type=\"column\">\n\t\t\t<div class=\"elementor-widget-wrap elementor-element-populated\">\n\t\t\t\t\t\t\t\t<div class=\"elementor-element elementor-element-92573b7 elementor-widget elementor-widget-heading\" data-id=\"92573b7\" data-element_type=\"widget\" data-widget_type=\"heading.default\">\n\t\t\t\t<div class=\"elementor-widget-container\">\n\t\t\t<style>\/*! elementor - v3.10.2 - 29-01-2023 *\/\n.elementor-heading-title{padding:0;margin:0;line-height:1}.elementor-widget-heading .elementor-heading-title[class*=elementor-size-]>a{color:inherit;font-size:inherit;line-height:inherit}.elementor-widget-heading .elementor-heading-title.elementor-size-small{font-size:15px}.elementor-widget-heading .elementor-heading-title.elementor-size-medium{font-size:19px}.elementor-widget-heading .elementor-heading-title.elementor-size-large{font-size:29px}.elementor-widget-heading .elementor-heading-title.elementor-size-xl{font-size:39px}.elementor-widget-heading .elementor-heading-title.elementor-size-xxl{font-size:59px}<\/style><h5 class=\"elementor-heading-title elementor-size-default\">Cr\u00e9dito Agropecuario<\/h5>\t\t<\/div>\n\t\t\t\t<\/div>\n\t\t\t\t\t<\/div>\n\t\t<\/div>\n\t\t\t\t\t\t\t<\/div>\n\t\t<\/section>\n\t\t\t\t<section class=\"elementor-section elementor-top-section elementor-element elementor-element-d4de641 elementor-section-stretched elementor-section-boxed elementor-section-height-default elementor-section-height-default\" data-id=\"d4de641\" data-element_type=\"section\" data-settings=\"{&quot;stretch_section&quot;:&quot;section-stretched&quot;}\">\n\t\t\t\t\t\t<div class=\"elementor-container elementor-column-gap-default\">\n\t\t\t\t\t<div class=\"elementor-column elementor-col-100 elementor-top-column elementor-element elementor-element-6cc1692\" data-id=\"6cc1692\" data-element_type=\"column\">\n\t\t\t<div class=\"elementor-widget-wrap elementor-element-populated\">\n\t\t\t\t\t\t\t\t<div class=\"elementor-element elementor-element-69cbd61 elementor-position-left elementor-vertical-align-middle elementor-widget elementor-widget-image-box\" data-id=\"69cbd61\" data-element_type=\"widget\" data-widget_type=\"image-box.default\">\n\t\t\t\t<div class=\"elementor-widget-container\">\n\t\t\t<style>\/*! elementor - v3.10.2 - 29-01-2023 *\/\n.elementor-widget-image-box .elementor-image-box-content{width:100%}@media (min-width:768px){.elementor-widget-image-box.elementor-position-left .elementor-image-box-wrapper,.elementor-widget-image-box.elementor-position-right .elementor-image-box-wrapper{display:flex}.elementor-widget-image-box.elementor-position-right .elementor-image-box-wrapper{text-align:right;flex-direction:row-reverse}.elementor-widget-image-box.elementor-position-left .elementor-image-box-wrapper{text-align:left;flex-direction:row}.elementor-widget-image-box.elementor-position-top .elementor-image-box-img{margin:auto}.elementor-widget-image-box.elementor-vertical-align-top .elementor-image-box-wrapper{align-items:flex-start}.elementor-widget-image-box.elementor-vertical-align-middle .elementor-image-box-wrapper{align-items:center}.elementor-widget-image-box.elementor-vertical-align-bottom .elementor-image-box-wrapper{align-items:flex-end}}@media (max-width:767px){.elementor-widget-image-box .elementor-image-box-img{margin-left:auto!important;margin-right:auto!important;margin-bottom:15px}}.elementor-widget-image-box .elementor-image-box-img{display:inline-block}.elementor-widget-image-box .elementor-image-box-title a{color:inherit}.elementor-widget-image-box .elementor-image-box-wrapper{text-align:center}.elementor-widget-image-box .elementor-image-box-description{margin:0}<\/style><div class=\"elementor-image-box-wrapper\"><figure class=\"elementor-image-box-img\"><img decoding=\"async\" width=\"2560\" height=\"1707\" src=\"https:\/\/fundacionhorizontes.com\/wp-content\/uploads\/2022\/11\/steven-weeks-DUPFowqI6oI-unsplash-scaled.jpg\" class=\"elementor-animation-shrink attachment-full size-full wp-image-2857\" alt=\"\" loading=\"lazy\" srcset=\"https:\/\/fundacionhorizontes.com\/wp-content\/uploads\/2022\/11\/steven-weeks-DUPFowqI6oI-unsplash-scaled.jpg 2560w, https:\/\/fundacionhorizontes.com\/wp-content\/uploads\/2022\/11\/steven-weeks-DUPFowqI6oI-unsplash-300x200.jpg 300w, https:\/\/fundacionhorizontes.com\/wp-content\/uploads\/2022\/11\/steven-weeks-DUPFowqI6oI-unsplash-1024x683.jpg 1024w, https:\/\/fundacionhorizontes.com\/wp-content\/uploads\/2022\/11\/steven-weeks-DUPFowqI6oI-unsplash-768x512.jpg 768w, https:\/\/fundacionhorizontes.com\/wp-content\/uploads\/2022\/11\/steven-weeks-DUPFowqI6oI-unsplash-1536x1024.jpg 1536w, https:\/\/fundacionhorizontes.com\/wp-content\/uploads\/2022\/11\/steven-weeks-DUPFowqI6oI-unsplash-2048x1365.jpg 2048w, https:\/\/fundacionhorizontes.com\/wp-content\/uploads\/2022\/11\/steven-weeks-DUPFowqI6oI-unsplash-18x12.jpg 18w\" sizes=\"(max-width: 2560px) 100vw, 2560px\" \/><\/figure><div class=\"elementor-image-box-content\"><p class=\"elementor-image-box-description\">Impulse sus actividades para el crecimiento de su negocio agricola, con plazos y tasas accesibles.<\/p><\/div><\/div>\t\t<\/div>\n\t\t\t\t<\/div>\n\t\t\t\t\t<\/div>\n\t\t<\/div>\n\t\t\t\t\t\t\t<\/div>\n\t\t<\/section>\n\t\t\t\t<section class=\"elementor-section elementor-top-section elementor-element elementor-element-205e491 elementor-section-full_width elementor-section-height-default elementor-section-height-default\" data-id=\"205e491\" data-element_type=\"section\">\n\t\t\t\t\t\t<div class=\"elementor-container elementor-column-gap-default\">\n\t\t\t\t\t<div class=\"elementor-column elementor-col-100 elementor-top-column elementor-element elementor-element-b222923\" data-id=\"b222923\" data-element_type=\"column\">\n\t\t\t<div class=\"elementor-widget-wrap elementor-element-populated\">\n\t\t\t\t\t\t\t\t<div class=\"elementor-element elementor-element-92b3968 elementor-widget__width-inherit elementor-widget elementor-widget-html\" data-id=\"92b3968\" data-element_type=\"widget\" data-widget_type=\"html.default\">\n\t\t\t\t<div class=\"elementor-widget-container\">\n\t\t\t<div class=\"card card-border\">\n<div class=\"card-body p-2\">\n    <div class=\"row\">\n        <div class=\"col-sm-12\">\n            <div class=\"card-header\" style=\"background:#0F5582; font-size:20px; color: white\">Descripci\u00f3n General\n                    <a class=\"btn btn-light btn-sm float-right\" data-toggle=\"collapse\" href=\"#collapse1\" role=\"button\" aria-expanded=\"true\" aria-controls=\"collapseExample\">\n                        <i class=\"fa fa-plus\" style=\"color:white\" aria-hidden=\"true\"><\/i>\n                    <\/a>\n                <\/div>\n            <\/div>\n        <\/div>\n    <div class=\"row collapse show\" id=\"collapse1\" style=\"\">\n        \n    <div class=\"col-sm-12\">\n        <div class=\"x_content\">\n                <p class=\"card-text\" style=\"background:white; font-size:15px; padding: 20px; color: black\" >Orientado al peque\u00f1o productor rural que se dedica a la producci\u00f3n de granos b\u00e1sicos, hortalizas, mus\u00e1ceos (pl\u00e1tanos) o a la ganader\u00eda menor en peque\u00f1as escalas y otras actividades similares.<\/p>\n            <\/div>\n        <\/div>\n    <\/div>\n<\/div>\n\n<div class=\"card-body p-2\">\n    <div class=\"row\">\n        <div class=\"col-sm-12\">\n            <div class=\"card-header\" style=\"background:#F69322; font-size:20px; color:black\">Plazos y tasas de inter\u00e9s\n                    <a class=\"btn btn-light btn-sm float-right\" data-toggle=\"collapse\" href=\"#collapse2\" role=\"button\" aria-expanded=\"true\" aria-controls=\"collapseExample\">\n                        <i class=\"fa fa-plus\" style=\"color:black\" aria-hidden=\"true\"><\/i>\n                    <\/a>\n                <\/div>\n            <\/div>\n        <\/div>\n    <div class=\"row collapse show\" id=\"collapse2\" style=\"\">\n        \n    <div class=\"col-sm-12\">\n        <div class=\"x_content\">\n                <p class=\"card-text\" style=\"background:white; font-size:15px; padding: 20px; color:black\" >Intereses a la comodidad de su bolsillo. Nos adaptamos a su presupuesto, con tasas accesibles, y plazos que se ajusten a sus necesidades.<\/p>\n            <\/div>\n        <\/div>\n    <\/div>\n<\/div>\n\n<div class=\"card-body p-2\">\n    <div class=\"row\">\n        <div class=\"col-sm-12\">\n            <div class=\"card-header\" style=\"background:#7A122F; font-size:20px; color:white\">Requisitos Generales\n                    <a class=\"btn btn-light btn-sm float-right\" data-toggle=\"collapse\" href=\"#collapse3\" role=\"button\" aria-expanded=\"true\" aria-controls=\"collapseExample\">\n                        <i class=\"fa fa-plus\" style=\"color:white\" aria-hidden=\"true\"><\/i>\n                    <\/a>\n                <\/div>\n            <\/div>\n        <\/div>\n    <div class=\"row collapse show\" id=\"collapse3\" style=\"\">\n        \n    <div class=\"col-sm-12\">\n        <div class=\"x_content\">\n                <ul class=\"card-text\" style=\"background:white; font-size:15px; padding: 1px; color:black;\" >\n                    <li>Ser mayor de 21 a\u00f1os.<\/li>\n                    <li>Poseer DNI.<\/li>\n                    <li>Recibos de servicios p\u00fablicos.<\/li>\n                    <li>Tener una fuente de ingresos.<\/li>\n                <\/ul>\n            <\/div>\n        <\/div>\n    <\/div>\n<\/div>\n<\/div>\t\t<\/div>\n\t\t\t\t<\/div>\n\t\t\t\t\t<\/div>\n\t\t<\/div>\n\t\t\t\t\t\t\t<\/div>\n\t\t<\/section>\n\t\t\t\t<section class=\"elementor-section elementor-top-section elementor-element elementor-element-ec72984 elementor-section-boxed elementor-section-height-default elementor-section-height-default\" data-id=\"ec72984\" data-element_type=\"section\">\n\t\t\t\t\t\t<div class=\"elementor-container elementor-column-gap-default\">\n\t\t\t\t\t<div class=\"elementor-column elementor-col-100 elementor-top-column elementor-element elementor-element-a42bdf1\" data-id=\"a42bdf1\" data-element_type=\"column\">\n\t\t\t<div class=\"elementor-widget-wrap elementor-element-populated\">\n\t\t\t\t\t\t\t\t<div class=\"elementor-element elementor-element-5822099 elementor-widget elementor-widget-html\" data-id=\"5822099\" data-element_type=\"widget\" data-widget_type=\"html.default\">\n\t\t\t\t<div class=\"elementor-widget-container\">\n\t\t\t<style>\n    .jumbotron {\n  position:relative;\n  overflow:hidden;\n  height: auto;\n}\n\n.jumbotron .container {\n  position:relative;\n  z-index:2;\n  background:rgba(0,0,0,0.2);\n  padding:25px;\n  border:1px solid rgba(0,0,0,0.1);\n  border-radius:5px;\n}\n\n.jumbotron-background {\n  object-fit:cover;\n  font-family: 'object-fit: cover;';\n  position:absolute;\n  top:0;\n  z-index:1;\n  width:100%;\n  height:100%;\n  opacity:0.5;\n}\n\nimg.blur {\n\t-webkit-filter: blur(4px);\n\tfilter: blur(4px);\n  filter:progid:DXImageTransform.Microsoft.Blur(PixelRadius='4');\n\n}\n.btn1{\n    background: #F69322;\n    text-transform: uppercase;\n    color: #212529;\n}\n<\/style>\n\n<div class=\"jumbotron jumbotron-fluid bg-dark\">\n  \n  <div class=\"jumbotron-background\">\n    <img decoding=\"async\" src=\"https:\/\/fundacionhorizontes.com\/wp-content\/uploads\/2022\/11\/tim-mossholder-xDwEa2kaeJA-unsplash-scaled.jpg\" class=\"blur \">\n  <\/div>\n\n  <div class=\"container\" style=\"font-weight:bold; color:black;\">\n    <h1 class=\"display\">Los \u00e1rboles que tardan en crecer dan los mejores frutos.<\/h1>\n    <p>Para m\u00e1s informaci\u00f3n puedes contactarnos en nuestras distintas plataformas<\/p>\n    <a href=\"https:\/\/fundacionhorizontes.com\/index.php\/contactenos\/\" class=\"btn1 btn-lg\" role=\"button\" aria-pressed=\"true\">Contactenos<\/a>\n  <\/div>\n  <!-- \/.container -->\n  \n \n<\/div>\t\t<\/div>\n\t\t\t\t<\/div>\n\t\t\t\t\t<\/div>\n\t\t<\/div>\n\t\t\t\t\t\t\t<\/div>\n\t\t<\/section>\n\t\t\t\t<section class=\"elementor-section elementor-top-section elementor-element elementor-element-56135ac elementor-section-boxed elementor-section-height-default elementor-section-height-default\" data-id=\"56135ac\" data-element_type=\"section\">\n\t\t\t\t\t\t<div class=\"elementor-container elementor-column-gap-default\">\n\t\t\t\t\t<div class=\"elementor-column elementor-col-100 elementor-top-column elementor-element elementor-element-b738ecc\" data-id=\"b738ecc\" data-element_type=\"column\">\n\t\t\t<div class=\"elementor-widget-wrap elementor-element-populated\">\n\t\t\t\t\t\t\t\t<div class=\"elementor-element elementor-element-69ce9cf elementor-widget elementor-widget-html\" data-id=\"69ce9cf\" data-element_type=\"widget\" data-widget_type=\"html.default\">\n\t\t\t\t<div class=\"elementor-widget-container\">\n\t\t\t<div class=\"card mb-3\">\n  <div class=\"row g-0\">\n    <div class=\"col-md-3\">\n      <img decoding=\"async\" src=\"https:\/\/fundacionhorizontes.com\/wp-content\/uploads\/2022\/07\/agricultura.png\" class=\"img-fluid rounded-start\" alt=\"...\">\n    <\/div>\n    <div class=\"col-md-8\">\n      <div class=\"card-body\">\n        <h1 class=\"card-title\">Caracterist\u00edcas<\/h1>\n        <h4 class=\"card-text\">\n            <ul>\n                <li>Destino: Capital de trabajo, activo fijo, mejora de vivienda, consumo y pagos de deuda (casos especiales dependiendo del origen del pr\u00e9stamo).<\/li>\n                <li>Montos: Desde L 3,000.00 en adelante.<\/li>\n                <li>Garant\u00edas: Fiduciaria o prendar\u00eda<\/li>\n                <li>Seguros: Protecci\u00f3n Horizontes, Seguro de deuda. <\/li>\n            <\/ul>\n        <\/h4>\n      <\/div>\n    <\/div>\n  <\/div>\n<\/div>\t\t<\/div>\n\t\t\t\t<\/div>\n\t\t\t\t\t<\/div>\n\t\t<\/div>\n\t\t\t\t\t\t\t<\/div>\n\t\t<\/section>\n\t\t\t\t\t\t\t<\/div>\n\t\t","protected":false},"excerpt":{"rendered":"<p>Cr\u00e9dito Agropecuario Impulse sus actividades para el crecimiento de su negocio agricola, con plazos y tasas accesibles. Descripci\u00f3n General Orientado al peque\u00f1o productor rural que se dedica a la producci\u00f3n &#8230;<\/p>\n","protected":false},"author":2,"featured_media":0,"parent":0,"menu_order":0,"comment_status":"closed","ping_status":"closed","template":"","meta":[],"_links":{"self":[{"href":"https:\/\/fundacionhorizontes.com\/index.php\/wp-json\/wp\/v2\/pages\/2893"}],"collection":[{"href":"https:\/\/fundacionhorizontes.com\/index.php\/wp-json\/wp\/v2\/pages"}],"about":[{"href":"https:\/\/fundacionhorizontes.com\/index.php\/wp-json\/wp\/v2\/types\/page"}],"author":[{"embeddable":true,"href":"https:\/\/fundacionhorizontes.com\/index.php\/wp-json\/wp\/v2\/users\/2"}],"replies":[{"embeddable":true,"href":"https:\/\/fundacionhorizontes.com\/index.php\/wp-json\/wp\/v2\/comments?post=2893"}],"version-history":[{"count":310,"href":"https:\/\/fundacionhorizontes.com\/index.php\/wp-json\/wp\/v2\/pages\/2893\/revisions"}],"predecessor-version":[{"id":3217,"href":"https:\/\/fundacionhorizontes.com\/index.php\/wp-json\/wp\/v2\/pages\/2893\/revisions\/3217"}],"wp:attachment":[{"href":"https:\/\/fundacionhorizontes.com\/index.php\/wp-json\/wp\/v2\/media?parent=2893"}],"curies":[{"name":"wp","href":"https:\/\/api.w.org\/{rel}","templated":true}]}}